{"id":42,"date":"2025-02-21T09:50:32","date_gmt":"2025-02-21T08:50:32","guid":{"rendered":"https:\/\/www.propexpress.eu\/?page_id=42"},"modified":"2026-03-16T11:36:08","modified_gmt":"2026-03-16T10:36:08","slug":"om-oss","status":"publish","type":"page","link":"https:\/\/www.propexpress.eu\/se\/about\/","title":{"rendered":"Om oss"},"content":{"rendered":"<h1>Om oss<\/h1>\n<a href=\"https:\/\/www.propexpress.eu\/se\/kontakt\/\">Kontakt<\/a>\n<h2>\n\t\t\tVi \u00e4lskar v\u00e5rt jobb\t<\/h2>\n\tOperating a fixed wing aircraft, in all imaginable cases, is a demanding and at the same time, an exciting job.<br \/>\nWe love what we do and we always strive to meet and exceed our customer&#8217;s expectations.<br \/>\nVi kan hj\u00e4lpa dig att f\u00e5 dina projekt ig\u00e5ng och slutf\u00f6ra dem enligt dina behov.\n<p>Don&#8217;t hesitate to contact us to hear more and let us know about your expectations and needs in your upcoming project!<\/p>\n\t<p><a href=\"https:\/\/www.propexpress.eu\/se\/tjanster\/\">V\u00e5ra services<\/a><\/p>\n<figure itemscope itemtype=\"https:\/\/schema.org\/ImageObject\">\n\t\t\t\t<img decoding=\"async\" src=\"https:\/\/www.propexpress.eu\/wp-content\/uploads\/2025\/04\/about-us_square_1.jpg\" alt=\"about-us_square_1\" height=\"600\" width=\"800\" title=\"about-us_square_1\" onerror=\"this.style.display='none'\" loading=\"lazy\" \/>\n\t<\/figure>\n<h2>\n\t\t\tWHO IS PROP EXPRESS SCANDINAVIA\t<\/h2>\n<figure itemscope itemtype=\"https:\/\/schema.org\/ImageObject\">\n\t\t\t\t<img decoding=\"async\" src=\"https:\/\/www.propexpress.eu\/wp-content\/uploads\/2026\/01\/WhatsApp-Image-2025-12-22-at-13.36.11h.jpeg\" alt=\"WhatsApp Image 2025-12-22 at 13.36.11h\" height=\"1200\" width=\"1600\" title=\"WhatsApp Image 2025-12-22 at 13.36.11h\" onerror=\"this.style.display='none'\" loading=\"lazy\" \/>\n\t<\/figure>\n\t<p><strong>Who Are We<\/strong><\/p>\n<p>Prop Express Scandinavia was established in 2008 and specializes in operating small aircrafts for the purpose of conducting both visual and digital survey missions for projects of all scales.<\/p>\n<p>Our head office is located in Herning, with aircraft based in Malm\u00f6.<\/p>\n<p>&nbsp;<\/p>\n<p><strong>Our Mission<\/strong><\/p>\n<p>Our mission is to cater to our clients&#8217; specific needs by offering specialized aircrafts and a highly experienced crew for ad-hoc wet-leasing and aerial survey services.<\/p>\n<h2>\n\t\t\tOur Environmental Commitment\t<\/h2>\n\t<p>At Prop Express Scandinavia, we are deeply committed to minimizing our environmental impact throughout all our operations. We carefully select aircraft types known for their fuel efficiency, ensuring that every mission is fulfilled with the lowest possible carbon footprint. To maintain transparency and accountability, we actively track all CO\u2082 emissions generated by our flights and operations. This enables us to monitor, report, and continuously seek new ways to reduce our emissions, supporting both our clients&#8217; sustainability goals and our own environmental responsibilities.<\/p>\n<figure itemscope itemtype=\"https:\/\/schema.org\/ImageObject\">\n\t\t\t\t<img decoding=\"async\" src=\"https:\/\/www.propexpress.eu\/wp-content\/uploads\/2025\/06\/about-us-environment.jpg\" alt=\"about-us-environment\" height=\"600\" width=\"800\" title=\"about-us-environment\" onerror=\"this.style.display='none'\" loading=\"lazy\" \/>\n\t<\/figure>\n<h2>\n\t\t\tV\u00e5rt team\t<\/h2>\n\t<h3><img loading=\"lazy\" decoding=\"async\" src=\"https:\/\/www.propexpress.eu\/wp-content\/uploads\/2026\/02\/New-Project-4.jpg\" alt=\"\" width=\"125\" height=\"222\" \/>Erik Eriksson<\/h3>\n<strong>CEO \/ Chief Pilot<\/strong><br \/>\nTidigare helikopterkapten med mer \u00e4n 30 \u00e5rs erfarenhet av kommersiell trafik. Fixed-wing commercial pilot och grundare och \u00e4gare av Prop Express Scandinavia.\n\t<h3><img loading=\"lazy\" decoding=\"async\" src=\"https:\/\/www.propexpress.eu\/wp-content\/uploads\/2026\/02\/New-Project-8.jpg\" alt=\"\" width=\"125\" height=\"222\" \/>Janus List<\/h3>\n<strong>COO \/ Senior Pilot<\/strong><br \/>\nKommersiell pilot med 10 \u00e5rs erfarenhet av unders\u00f6kningsflygningar. Flera \u00e5rs erfarenhet av projektledning och HR.\n\t<h3>Melker Eriksson<\/h3>\n<strong>CFO<\/strong><br \/>\nHantering av dagliga finansiella processer, kvartals- och \u00e5rsbokslut samt finansiella rapporter f\u00f6r skandinaviska myndigheter. 7 \u00e5rs erfarenhet av finansiell verksamhet.\n\t<h3><img loading=\"lazy\" decoding=\"async\" src=\"https:\/\/www.propexpress.eu\/wp-content\/uploads\/2026\/03\/New-Project.jpg\" alt=\"\" width=\"125\" height=\"222\" \/>Sanne Thomsen<\/h3>\n<strong>EA \/ Office Coordinator<\/strong><br \/>\nManaging daily operations, administration and bookings.\n\t<h3><img loading=\"lazy\" decoding=\"async\" src=\"https:\/\/www.propexpress.eu\/wp-content\/uploads\/2026\/02\/New-Project-7.jpg\" alt=\"\" width=\"125\" height=\"222\" \/>Patrick Pagden<\/h3>\n<strong>Pilot \/ System Operator<\/strong><br \/>\nKommersiell pilot med dokumenterade f\u00e4rdigheter inom kommersiell verksamhet, instruktion och ferryflygning.\n\t<h3><img loading=\"lazy\" decoding=\"async\" src=\"https:\/\/www.propexpress.eu\/wp-content\/uploads\/2026\/02\/New-Project-6.jpg\" alt=\"\" width=\"125\" height=\"222\" \/><br \/>\nChristian M\u00f8ller<\/h3>\n<strong>Pilot \/ System Operator<\/strong><br \/>\nKommersiell pilot initialt anst\u00e4lld som ferrypilot och operat\u00f6r med ambitionen att bli besiktningslots och nu helt frigiven besiktningslots och operat\u00f6r.\n\t<h3><img loading=\"lazy\" decoding=\"async\" src=\"https:\/\/www.propexpress.eu\/wp-content\/uploads\/2026\/02\/New-Project-9.jpg\" alt=\"\" width=\"125\" height=\"222\" \/>Maya Melki<\/h3>\n<strong>Pilot \/ System Operator<\/strong><br \/>\nCommercial pilot with proven skills in commercial operations and with a profound interest in birding\n\t<h3><img loading=\"lazy\" decoding=\"async\" src=\"https:\/\/www.propexpress.eu\/wp-content\/uploads\/2026\/02\/New-Project-2.jpg\" alt=\"\" width=\"125\" height=\"222\" \/>Constantin Kjellmark<\/h3>\n<strong>Pilot \/ System Operator<\/strong><br \/>\nKommersiell pilot med dokumenterade f\u00e4rdigheter inom kommersiell verksamhet, instruktion och ferryflygning.\n\t<h3><img loading=\"lazy\" decoding=\"async\" src=\"https:\/\/www.propexpress.eu\/wp-content\/uploads\/2026\/02\/New-Project-1.jpg\" alt=\"\" width=\"125\" height=\"222\" \/>Alexander Traumann<\/h3>\n<strong>Pilot \/ System Operator<\/strong><br \/>\nKommersiell pilot med dokumenterade f\u00e4rdigheter inom kommersiell verksamhet, instruktion och ferryflygning.\n\t<h3><img loading=\"lazy\" decoding=\"async\" src=\"https:\/\/www.propexpress.eu\/wp-content\/uploads\/2026\/02\/New-Project-3.jpg\" alt=\"\" width=\"125\" height=\"222\" \/>Daniel Joseph<\/h3>\n<strong>Pilot \/ System Operator<\/strong><br \/>\nKommersiell pilot med dokumenterade f\u00e4rdigheter inom kommersiell verksamhet, instruktion och ferryflygning.\n\t<h3><img loading=\"lazy\" decoding=\"async\" src=\"https:\/\/www.propexpress.eu\/wp-content\/uploads\/2026\/02\/New-Project-5.jpg\" alt=\"\" width=\"125\" height=\"222\" \/>Karam Yomok<\/h3>\n<strong>Pilot \/ System Operator<\/strong><br \/>\nKommersiell pilot med dokumenterade f\u00e4rdigheter inom kommersiell verksamhet, instruktion och ferryflygning.\n\t<h3>Vill du veta mer?<\/h3>\n<p>Vi \u00e4r alltid intresserade av att h\u00f6ra fr\u00e5n er och hj\u00e4lpa er med dina projekt.<\/p>\n\t<p><a href=\"https:\/\/www.propexpress.eu\/se\/kontakt\/\">Kontakta oss<\/a><\/p>","protected":false},"excerpt":{"rendered":"<p>About Contact We love what we do Operating a fixed wing aircraft, in all imaginable cases, is a demanding and at the same time, an exciting job. We love what we do and we always strive to meet and exceed our customer&#8217;s expectations. We can help you get your projects off the ground and completed&hellip;<\/p>","protected":false},"author":1,"featured_media":269,"parent":0,"menu_order":0,"comment_status":"closed","ping_status":"closed","template":"","meta":{"inline_featured_image":false,"footnotes":""},"class_list":["post-42","page","type-page","status-publish","has-post-thumbnail","hentry"],"yoast_head":"<!-- This site is optimized with the Yoast SEO plugin v27.6 - https:\/\/yoast.com\/product\/yoast-seo-wordpress\/ -->\n<title>Expert fixed wing aircraft operations | Prop Express Scandinavia<\/title>\n<meta name=\"description\" content=\"We operate fixed wing aircraft for diverse missions and deliver tailored aerial solutions. Passionate experts helping you get your aviation projects off the ground\" \/>\n<meta name=\"robots\" content=\"index, follow, max-snippet:-1, max-image-preview:large, max-video-preview:-1\" \/>\n<link rel=\"canonical\" href=\"https:\/\/www.propexpress.eu\/se\/om-oss\/\" \/>\n<meta property=\"og:locale\" content=\"sv_SE\" \/>\n<meta property=\"og:type\" content=\"article\" \/>\n<meta property=\"og:title\" content=\"Expert fixed wing aircraft operations | Prop Express Scandinavia\" \/>\n<meta property=\"og:description\" content=\"We operate fixed wing aircraft for diverse missions and deliver tailored aerial solutions. Passionate experts helping you get your aviation projects off the ground\" \/>\n<meta property=\"og:url\" content=\"https:\/\/www.propexpress.eu\/se\/om-oss\/\" \/>\n<meta property=\"og:site_name\" content=\"Prop Express Scandinavia\" \/>\n<meta property=\"article:modified_time\" content=\"2026-03-16T10:36:08+00:00\" \/>\n<meta property=\"og:image\" content=\"https:\/\/www.propexpress.eu\/wp-content\/uploads\/2025\/04\/about-us_square_1.jpg\" \/>\n\t<meta property=\"og:image:width\" content=\"800\" \/>\n\t<meta property=\"og:image:height\" content=\"600\" \/>\n\t<meta property=\"og:image:type\" content=\"image\/jpeg\" \/>\n<meta name=\"twitter:card\" content=\"summary_large_image\" \/>\n<meta name=\"twitter:label1\" content=\"Ber\u00e4knad l\u00e4stid\" \/>\n\t<meta name=\"twitter:data1\" content=\"5 minuter\" \/>\n<script type=\"application\/ld+json\" class=\"yoast-schema-graph\">{\"@context\":\"https:\\\/\\\/schema.org\",\"@graph\":[{\"@type\":\"WebPage\",\"@id\":\"https:\\\/\\\/www.propexpress.eu\\\/about\\\/\",\"url\":\"https:\\\/\\\/www.propexpress.eu\\\/about\\\/\",\"name\":\"Expert fixed wing aircraft operations | Prop Express Scandinavia\",\"isPartOf\":{\"@id\":\"https:\\\/\\\/www.propexpress.eu\\\/#website\"},\"primaryImageOfPage\":{\"@id\":\"https:\\\/\\\/www.propexpress.eu\\\/about\\\/#primaryimage\"},\"image\":{\"@id\":\"https:\\\/\\\/www.propexpress.eu\\\/about\\\/#primaryimage\"},\"thumbnailUrl\":\"https:\\\/\\\/www.propexpress.eu\\\/wp-content\\\/uploads\\\/2025\\\/04\\\/about-us_square_1.jpg\",\"datePublished\":\"2025-02-21T08:50:32+00:00\",\"dateModified\":\"2026-03-16T10:36:08+00:00\",\"description\":\"We operate fixed wing aircraft for diverse missions and deliver tailored aerial solutions. Passionate experts helping you get your aviation projects off the ground\",\"breadcrumb\":{\"@id\":\"https:\\\/\\\/www.propexpress.eu\\\/about\\\/#breadcrumb\"},\"inLanguage\":\"sv-SE\",\"potentialAction\":[{\"@type\":\"ReadAction\",\"target\":[\"https:\\\/\\\/www.propexpress.eu\\\/about\\\/\"]}]},{\"@type\":\"ImageObject\",\"inLanguage\":\"sv-SE\",\"@id\":\"https:\\\/\\\/www.propexpress.eu\\\/about\\\/#primaryimage\",\"url\":\"https:\\\/\\\/www.propexpress.eu\\\/wp-content\\\/uploads\\\/2025\\\/04\\\/about-us_square_1.jpg\",\"contentUrl\":\"https:\\\/\\\/www.propexpress.eu\\\/wp-content\\\/uploads\\\/2025\\\/04\\\/about-us_square_1.jpg\",\"width\":800,\"height\":600},{\"@type\":\"BreadcrumbList\",\"@id\":\"https:\\\/\\\/www.propexpress.eu\\\/about\\\/#breadcrumb\",\"itemListElement\":[{\"@type\":\"ListItem\",\"position\":1,\"name\":\"Hjem\",\"item\":\"https:\\\/\\\/www.propexpress.eu\\\/\"},{\"@type\":\"ListItem\",\"position\":2,\"name\":\"About\"}]},{\"@type\":\"WebSite\",\"@id\":\"https:\\\/\\\/www.propexpress.eu\\\/#website\",\"url\":\"https:\\\/\\\/www.propexpress.eu\\\/\",\"name\":\"Prop Express Scandinavia\",\"description\":\"\",\"potentialAction\":[{\"@type\":\"SearchAction\",\"target\":{\"@type\":\"EntryPoint\",\"urlTemplate\":\"https:\\\/\\\/www.propexpress.eu\\\/?s={search_term_string}\"},\"query-input\":{\"@type\":\"PropertyValueSpecification\",\"valueRequired\":true,\"valueName\":\"search_term_string\"}}],\"inLanguage\":\"sv-SE\"}]}<\/script>\n<!-- \/ Yoast SEO plugin. -->","yoast_head_json":{"title":"Expert fixed wing aircraft operations | Prop Express Scandinavia","description":"We operate fixed wing aircraft for diverse missions and deliver tailored aerial solutions. Passionate experts helping you get your aviation projects off the ground","robots":{"index":"index","follow":"follow","max-snippet":"max-snippet:-1","max-image-preview":"max-image-preview:large","max-video-preview":"max-video-preview:-1"},"canonical":"https:\/\/www.propexpress.eu\/se\/om-oss\/","og_locale":"sv_SE","og_type":"article","og_title":"Expert fixed wing aircraft operations | Prop Express Scandinavia","og_description":"We operate fixed wing aircraft for diverse missions and deliver tailored aerial solutions. Passionate experts helping you get your aviation projects off the ground","og_url":"https:\/\/www.propexpress.eu\/se\/om-oss\/","og_site_name":"Prop Express Scandinavia","article_modified_time":"2026-03-16T10:36:08+00:00","og_image":[{"width":800,"height":600,"url":"https:\/\/www.propexpress.eu\/wp-content\/uploads\/2025\/04\/about-us_square_1.jpg","type":"image\/jpeg"}],"twitter_card":"summary_large_image","twitter_misc":{"Ber\u00e4knad l\u00e4stid":"5 minuter"},"schema":{"@context":"https:\/\/schema.org","@graph":[{"@type":"WebPage","@id":"https:\/\/www.propexpress.eu\/about\/","url":"https:\/\/www.propexpress.eu\/about\/","name":"Expert fixed wing aircraft operations | Prop Express Scandinavia","isPartOf":{"@id":"https:\/\/www.propexpress.eu\/#website"},"primaryImageOfPage":{"@id":"https:\/\/www.propexpress.eu\/about\/#primaryimage"},"image":{"@id":"https:\/\/www.propexpress.eu\/about\/#primaryimage"},"thumbnailUrl":"https:\/\/www.propexpress.eu\/wp-content\/uploads\/2025\/04\/about-us_square_1.jpg","datePublished":"2025-02-21T08:50:32+00:00","dateModified":"2026-03-16T10:36:08+00:00","description":"We operate fixed wing aircraft for diverse missions and deliver tailored aerial solutions. Passionate experts helping you get your aviation projects off the ground","breadcrumb":{"@id":"https:\/\/www.propexpress.eu\/about\/#breadcrumb"},"inLanguage":"sv-SE","potentialAction":[{"@type":"ReadAction","target":["https:\/\/www.propexpress.eu\/about\/"]}]},{"@type":"ImageObject","inLanguage":"sv-SE","@id":"https:\/\/www.propexpress.eu\/about\/#primaryimage","url":"https:\/\/www.propexpress.eu\/wp-content\/uploads\/2025\/04\/about-us_square_1.jpg","contentUrl":"https:\/\/www.propexpress.eu\/wp-content\/uploads\/2025\/04\/about-us_square_1.jpg","width":800,"height":600},{"@type":"BreadcrumbList","@id":"https:\/\/www.propexpress.eu\/about\/#breadcrumb","itemListElement":[{"@type":"ListItem","position":1,"name":"Hjem","item":"https:\/\/www.propexpress.eu\/"},{"@type":"ListItem","position":2,"name":"About"}]},{"@type":"WebSite","@id":"https:\/\/www.propexpress.eu\/#website","url":"https:\/\/www.propexpress.eu\/","name":"Prop Express Scandinavia","description":"","potentialAction":[{"@type":"SearchAction","target":{"@type":"EntryPoint","urlTemplate":"https:\/\/www.propexpress.eu\/?s={search_term_string}"},"query-input":{"@type":"PropertyValueSpecification","valueRequired":true,"valueName":"search_term_string"}}],"inLanguage":"sv-SE"}]}},"_links":{"self":[{"href":"https:\/\/www.propexpress.eu\/se\/wp-json\/wp\/v2\/pages\/42","targetHints":{"allow":["GET"]}}],"collection":[{"href":"https:\/\/www.propexpress.eu\/se\/wp-json\/wp\/v2\/pages"}],"about":[{"href":"https:\/\/www.propexpress.eu\/se\/wp-json\/wp\/v2\/types\/page"}],"author":[{"embeddable":true,"href":"https:\/\/www.propexpress.eu\/se\/wp-json\/wp\/v2\/users\/1"}],"replies":[{"embeddable":true,"href":"https:\/\/www.propexpress.eu\/se\/wp-json\/wp\/v2\/comments?post=42"}],"version-history":[{"count":4,"href":"https:\/\/www.propexpress.eu\/se\/wp-json\/wp\/v2\/pages\/42\/revisions"}],"predecessor-version":[{"id":526,"href":"https:\/\/www.propexpress.eu\/se\/wp-json\/wp\/v2\/pages\/42\/revisions\/526"}],"wp:featuredmedia":[{"embeddable":true,"href":"https:\/\/www.propexpress.eu\/se\/wp-json\/wp\/v2\/media\/269"}],"wp:attachment":[{"href":"https:\/\/www.propexpress.eu\/se\/wp-json\/wp\/v2\/media?parent=42"}],"curies":[{"name":"wp","href":"https:\/\/api.w.org\/{rel}","templated":true}]}}